{"id":148,"date":"2021-01-28T18:42:41","date_gmt":"2021-01-28T17:42:41","guid":{"rendered":"https:\/\/www.jardin-piscine-naturel.fr\/blog\/?page_id=148"},"modified":"2021-01-28T19:08:33","modified_gmt":"2021-01-28T18:08:33","slug":"biofloc-plus-questions-reponses","status":"publish","type":"page","link":"https:\/\/www.jardin-piscine-naturel.fr\/blog\/index.php\/biofloc-plus-questions-reponses\/","title":{"rendered":"BioFloc-Plus &#8211; Questions \/ R\u00e9ponses"},"content":{"rendered":"\n<h2 class=\"wp-block-heading\"><strong>Comment fonctionne BioFloc Plus, quel dosage et \u00e0 quelle fr\u00e9quence pour une piscine de 10 m3 ?<\/strong><\/h2>\n\n\n\n<p><a href=\"https:\/\/www.jardin-piscine-naturel.fr\/piscine\/8-bioflocplus-produit-traitement-spa-piscine-naturel-biologique.html\" target=\"_blank\" rel=\"noreferrer noopener\">BioFloc-Plus<\/a> fonctionne quelle que soit la taille de la\u00a0piscine.\u00a0A condition toutefois que celle-ci soit \u00e9quip\u00e9e d&rsquo;une pompe de circulation avec un filtre, papier, toile, sable&#8230;.peu importe.<br>Le dosage reste le m\u00eame, si cette petite piscine est occup\u00e9e par de nombreux enfants, il faudra peut-\u00eatre r\u00e9duire la fr\u00e9quence d&rsquo;un mois \u00e0 3 semaines, mais vous le verrez l&rsquo;eau deviendra terne bien avant de tourner.<\/p>\n\n\n\n<h2 class=\"wp-block-heading\"><strong>Ma piscine est trait\u00e9e au brome, est-ce que ce produit convient ?\u00a0<\/strong><\/h2>\n\n\n\n<p>Il n\u2019 y a aucun probl\u00e8me pour combiner BioFloc-Plus avec du brome, le chlore et le brome chimiquement appartiennent au m\u00eame groupe.<\/p>\n\n\n\n<h2 class=\"wp-block-heading\"><strong>J&rsquo;ai une piscine naturelle, sans produit chimique. La filtration se fait gr\u00e2ce aux plantes d&rsquo;eau.\u00a0Puis-je utiliser votre produit ?<\/strong><\/h2>\n\n\n\n<p>Le chitosan polym\u00e8re naturel est biod\u00e9gradable, il existe dans le sol du filtre des micro-organismes capables de d\u00e9grader ce polym\u00e8re en petites fractions de la taille de celles que l&rsquo;on trouve dans le produit Kitostim, ces fragments auront donc une activit\u00e9 de stimulation de d\u00e9fenses sur les racines comme elles peuvent en avoir sur le feuillage lorsqu&rsquo;on pulv\u00e9rise Kitostim.<\/p>\n\n\n\n<p>Nous avons depuis la mise en vente de BioFloc-Plus de nombreux clients propri\u00e9taires de piscines naturelles et ceux-ci recommandent chaque ann\u00e9e.<\/p>\n\n\n\n<p><strong>Je viens de vous commander du Bio-Floc Plus pour une piscine \u00ab\u00a0naturelle\u00a0\u00bb que je viens de construire et dans laquelle je pr\u00e9vois de mettre des plantes. Elle fait environ 120 m3.\u00a0Je souhaiterais ne pas utiliser de produits chimiques (chlore, brome&#8230;) comme d\u00e9sinfectant.\u00a0<\/strong><\/p>\n\n\n\n<p>Vous ne pouvez utiliser aucun d\u00e9sinfectant dans une piscine naturelle et surtout pas ce que l\u2019on appelle l\u2019oxyg\u00e8ne actif qui est un puissant oxydant&nbsp; class\u00e9 nocif pour les organismes aquatiques. Les plantes de votre filtre ne r\u00e9sisteraient pas \u00e0 un tel traitement. C\u2019est l\u2019\u00e9cosyst\u00e8me naturel de vos plantations qui va assurer la d\u00e9sinfection, c\u2019est pourquoi l\u2019\u00e9tape du choix des esp\u00e8ces plant\u00e9es est si importante.<\/p>\n\n\n\n<p><a href=\"https:\/\/www.jardin-piscine-naturel.fr\/piscine\/8-bioflocplus-produit-traitement-spa-piscine-naturel-biologique.html\" target=\"_blank\" rel=\"noreferrer noopener\">BioFloc-Plus<\/a> est un coagulant des mati\u00e8res organiques dissoutes, spores d\u2019algues, mais aussi bact\u00e9ries qui sont normalement trop petites pour \u00eatre arr\u00eat\u00e9es par un filtre. En coagulant entre eux ces micro-polluants au moment du passage de l\u2019eau dans la pompe, ceux-ci seront assez gros pour \u00eatre\u00a0 arr\u00eat\u00e9s sur le filtre \u00e0 sable, si vous en avez install\u00e9 un, ou sur le filtre plant\u00e9 si vous n\u2019avez pas install\u00e9 de filtre \u00e0 sable.<\/p>\n\n\n\n<p>Pouvoir renouveler l\u2019eau est certainement un avantage, ceci dit il vous faudra tenir compte de la chute de la temp\u00e9rature de l\u2019eau lors de chaque apport. Il nous semble qu\u2019il serait pr\u00e9f\u00e9rable de renouveler par de petits apports plus r\u00e9guliers, plut\u00f4t que durant de grosses op\u00e9rations qui vont faire chuter la temp\u00e9rature et qui demandera \u00e0 chaque fois plusieurs jours avant de revenir \u00e0 une temp\u00e9rature acceptable.<\/p>\n\n\n\n<p>Si vous d\u00e9marrez avec une piscine propre, il est inutile de faire le surdosage recommand\u00e9 en d\u00e9but de saison, ajoutez uniquement la quantit\u00e9 dite d\u2019entretien 1cl\/m\u00e8tre cube. Ensuite chaque fois que vous ferez un apport, calculez le volume d\u2019eau apport\u00e9 et mettre la quantit\u00e9 de <a href=\"https:\/\/www.jardin-piscine-naturel.fr\/13-piscine\" target=\"_blank\" rel=\"noreferrer noopener\">BioFloc-Plus<\/a> correspondante.<\/p>\n\n\n\n<p>On ne peut pas d\u00e9sinfecter une piscine naturelle sans tuer les plantes qui servent \u00e0 la d\u00e9sinfecter.<\/p>\n\n\n\n<h2 class=\"wp-block-heading\"><strong>Nous traitons notre piscine \u00e0 l&rsquo;oxyg\u00e8ne actif (56 m3 en b\u00e9ton peint, filtre \u00e0 sable et robot). Cette ann\u00e9e les algues se d\u00e9veloppent abondamment. Est-ce que BioFloc-Plus est compatible avec l\u2019oxyg\u00e8ne actif et est-ce qu&rsquo;il serait efficace pour \u00e9liminer les algues ?<\/strong>\u00a0<\/h2>\n\n\n\n<p>Une combinaison oxyg\u00e8ne actif \/BioFloc-Plus ne pose aucun probl\u00e8me et sera aussi efficace qu\u2019une combinaison BioFloc-Plus\/chlore. L\u2019oxyg\u00e8ne actif est tr\u00e8s sensible aux variations de pH, BioFloc-Plus au contraire est insensible \u00e0 ces variations et cela facilitera la r\u00e9gularit\u00e9.<\/p>\n\n\n\n<p>Le probl\u00e8me majeur de l\u2019oxyg\u00e8ne actif c\u2019est cependant sa sensibilit\u00e9 \u00e0 la temp\u00e9rature. En effet, l\u2019oxyg\u00e8ne actif voit son activit\u00e9 fortement diminuer lorsque les temp\u00e9ratures s\u2019\u00e9l\u00e8vent, jusqu\u2019\u00e0 devenir quasiment inefficace \u00a0avec les temp\u00e9ratures que nous avons eu ces derniers jours, d\u2019o\u00f9 la forte pr\u00e9sence d\u2019algues observ\u00e9e mais il doit en \u00eatre de m\u00eame au niveau bact\u00e9riologique. BioFloc-Plus au contraire voit son efficacit\u00e9 augmenter avec les temp\u00e9ratures, la combinaison <a href=\"https:\/\/www.jardin-piscine-naturel.fr\/13-piscine\" target=\"_blank\" rel=\"noreferrer noopener\">BioFloc-Plus<\/a> \/ oxyg\u00e8ne actif \u00a0sera donc efficace mais jusqu&rsquo;\u00e0 un certain degr\u00e9, au-del\u00e0, si des p\u00e9riodes de fortes chaleurs reviennent il faudra peut-\u00eatre passer \u00e0 une combinaison avec du chlore pour pallier \u00e0 la perte d\u2019efficacit\u00e9 de l\u2019oxyg\u00e8ne actif.<\/p>\n\n\n\n<p><\/p>\n\n\n\n<p>Vous n&rsquo;avez pas trouv\u00e9 une r\u00e9ponse \u00e0 votre question? Ecrivez nous: infos@jardin-piscine-naturel.fr.<\/p>\n\n\n\n<p>Vous pouvez \u00e9galement visiter notre site internet <a href=\"http:\/\/www.jardin-piscine-naturel.fr\" target=\"_blank\" rel=\"noreferrer noopener\">www.jardin-piscine-naturel.fr<\/a><\/p>\n\n\n\n<p><\/p>\n","protected":false},"excerpt":{"rendered":"<p>Comment fonctionne BioFloc Plus, quel dosage et \u00e0 quelle fr\u00e9quence pour une piscine de 10 m3 ? BioFloc-Plus fonctionne quelle que soit la taille de la\u00a0piscine.\u00a0A condition toutefois que celle-ci soit \u00e9quip\u00e9e d&rsquo;une pompe de circulation avec un filtre, papier, toile, sable&#8230;.peu importe.Le dosage reste le m\u00eame, si cette petite piscine est occup\u00e9e par de [&hellip;]<\/p>\n","protected":false},"author":1,"featured_media":0,"parent":0,"menu_order":0,"comment_status":"closed","ping_status":"closed","template":"templates\/template-full-width.php","meta":{"_monsterinsights_skip_tracking":false,"_monsterinsights_sitenote_active":false,"_monsterinsights_sitenote_note":"","_monsterinsights_sitenote_category":0,"footnotes":""},"class_list":["post-148","page","type-page","status-publish","hentry"],"yoast_head":"<!-- This site is optimized with the Yoast SEO plugin v15.6.2 - https:\/\/yoast.com\/wordpress\/plugins\/seo\/ -->\n<title>BioFloc-Plus - Questions \/ R\u00e9ponses -<\/title>\n<meta name=\"description\" content=\"BioFloc-PLus pour piscine, toutes les questions de nos clients et nos r\u00e9ponses pour le traitement des eaux de piscine.\" \/>\n<meta name=\"robots\" content=\"index, follow, max-snippet:-1, max-image-preview:large, max-video-preview:-1\" \/>\n<link rel=\"canonical\" href=\"https:\/\/www.jardin-piscine-naturel.fr\/blog\/index.php\/biofloc-plus-questions-reponses\/\" \/>\n<meta property=\"og:locale\" content=\"fr_FR\" \/>\n<meta property=\"og:type\" content=\"article\" \/>\n<meta property=\"og:title\" content=\"BioFloc-Plus - Questions \/ R\u00e9ponses -\" \/>\n<meta property=\"og:description\" content=\"BioFloc-PLus pour piscine, toutes les questions de nos clients et nos r\u00e9ponses pour le traitement des eaux de piscine.\" \/>\n<meta property=\"og:url\" content=\"https:\/\/www.jardin-piscine-naturel.fr\/blog\/index.php\/biofloc-plus-questions-reponses\/\" \/>\n<meta property=\"og:site_name\" content=\"Jardin Piscine Naturel\" \/>\n<meta property=\"article:modified_time\" content=\"2021-01-28T18:08:33+00:00\" \/>\n<meta name=\"twitter:card\" content=\"summary_large_image\" \/>\n<meta name=\"twitter:label1\" content=\"Dur\u00e9e de lecture est.\">\n\t<meta name=\"twitter:data1\" content=\"4 minutes\">\n<script type=\"application\/ld+json\" class=\"yoast-schema-graph\">{\"@context\":\"https:\/\/schema.org\",\"@graph\":[{\"@type\":\"WebSite\",\"@id\":\"https:\/\/www.jardin-piscine-naturel.fr\/blog\/#website\",\"url\":\"https:\/\/www.jardin-piscine-naturel.fr\/blog\/\",\"name\":\"Jardin Piscine Naturel\",\"description\":\"Produits d&#039;origine naturelle pour la piscine, le spa et le jardin\",\"potentialAction\":[{\"@type\":\"SearchAction\",\"target\":\"https:\/\/www.jardin-piscine-naturel.fr\/blog\/?s={search_term_string}\",\"query-input\":\"required name=search_term_string\"}],\"inLanguage\":\"fr-FR\"},{\"@type\":\"WebPage\",\"@id\":\"https:\/\/www.jardin-piscine-naturel.fr\/blog\/index.php\/biofloc-plus-questions-reponses\/#webpage\",\"url\":\"https:\/\/www.jardin-piscine-naturel.fr\/blog\/index.php\/biofloc-plus-questions-reponses\/\",\"name\":\"BioFloc-Plus - Questions \/ R\\u00e9ponses -\",\"isPartOf\":{\"@id\":\"https:\/\/www.jardin-piscine-naturel.fr\/blog\/#website\"},\"datePublished\":\"2021-01-28T17:42:41+00:00\",\"dateModified\":\"2021-01-28T18:08:33+00:00\",\"description\":\"BioFloc-PLus pour piscine, toutes les questions de nos clients et nos r\\u00e9ponses pour le traitement des eaux de piscine.\",\"inLanguage\":\"fr-FR\",\"potentialAction\":[{\"@type\":\"ReadAction\",\"target\":[\"https:\/\/www.jardin-piscine-naturel.fr\/blog\/index.php\/biofloc-plus-questions-reponses\/\"]}]}]}<\/script>\n<!-- \/ Yoast SEO plugin. -->","_links":{"self":[{"href":"https:\/\/www.jardin-piscine-naturel.fr\/blog\/index.php\/wp-json\/wp\/v2\/pages\/148","targetHints":{"allow":["GET"]}}],"collection":[{"href":"https:\/\/www.jardin-piscine-naturel.fr\/blog\/index.php\/wp-json\/wp\/v2\/pages"}],"about":[{"href":"https:\/\/www.jardin-piscine-naturel.fr\/blog\/index.php\/wp-json\/wp\/v2\/types\/page"}],"author":[{"embeddable":true,"href":"https:\/\/www.jardin-piscine-naturel.fr\/blog\/index.php\/wp-json\/wp\/v2\/users\/1"}],"replies":[{"embeddable":true,"href":"https:\/\/www.jardin-piscine-naturel.fr\/blog\/index.php\/wp-json\/wp\/v2\/comments?post=148"}],"version-history":[{"count":4,"href":"https:\/\/www.jardin-piscine-naturel.fr\/blog\/index.php\/wp-json\/wp\/v2\/pages\/148\/revisions"}],"predecessor-version":[{"id":156,"href":"https:\/\/www.jardin-piscine-naturel.fr\/blog\/index.php\/wp-json\/wp\/v2\/pages\/148\/revisions\/156"}],"wp:attachment":[{"href":"https:\/\/www.jardin-piscine-naturel.fr\/blog\/index.php\/wp-json\/wp\/v2\/media?parent=148"}],"curies":[{"name":"wp","href":"https:\/\/api.w.org\/{rel}","templated":true}]}}